{"id":86,"date":"2025-03-01T11:01:47","date_gmt":"2025-03-01T10:01:47","guid":{"rendered":"http:\/\/actenn.fr\/?page_id=86"},"modified":"2025-03-01T18:40:53","modified_gmt":"2025-03-01T17:40:53","slug":"document-unique-penibilite-risques-psychosociaux","status":"publish","type":"page","link":"https:\/\/actenn.fr\/?page_id=86","title":{"rendered":"Sant\u00e9 S\u00e9curit\u00e9"},"content":{"rendered":"\n<div class=\"wp-block-media-text is-stacked-on-mobile\" style=\"grid-template-columns:33% auto\"><figure class=\"wp-block-media-text__media\"><img loading=\"lazy\" decoding=\"async\" width=\"960\" height=\"720\" src=\"https:\/\/actenn.fr\/wp-content\/uploads\/2023\/12\/sst2023-2.jpg\" alt=\"\" class=\"wp-image-1056 size-full\" srcset=\"https:\/\/actenn.fr\/wp-content\/uploads\/2023\/12\/sst2023-2.jpg 960w, https:\/\/actenn.fr\/wp-content\/uploads\/2023\/12\/sst2023-2-300x225.jpg 300w, https:\/\/actenn.fr\/wp-content\/uploads\/2023\/12\/sst2023-2-768x576.jpg 768w, https:\/\/actenn.fr\/wp-content\/uploads\/2023\/12\/sst2023-2-750x563.jpg 750w\" sizes=\"auto, (max-width: 960px) 100vw, 960px\" \/><\/figure><div class=\"wp-block-media-text__content\">\n<p style=\"font-size:25px\">\u201c<strong>Plus faibles sont les risques, meilleure est l&rsquo;entreprise.\u201d<\/strong><\/p>\n\n\n\n<p><em>Sophocle<\/em><\/p>\n<\/div><\/div>\n\n\n\n<h2 class=\"wp-block-heading\">Pourquoi s&rsquo;engager ?<\/h2>\n\n\n\n<div class=\"wp-block-group\"><div class=\"wp-block-group__inner-container is-layout-constrained wp-block-group-is-layout-constrained\">\n<div class=\"wp-block-group\"><div class=\"wp-block-group__inner-container is-layout-constrained wp-block-group-is-layout-constrained\">\n<div class=\"wp-block-group\"><div class=\"wp-block-group__inner-container is-layout-constrained wp-block-group-is-layout-constrained\">\n<p>Nous pourrions parler d&rsquo;obligation l\u00e9gale ou risque p\u00e9nal&#8230;certes&#8230;mais il s&rsquo;agit avant tout d&rsquo;une <strong>reconnaissance des personnes <\/strong>qui s&rsquo;engagent au quotidien \u00e0 d\u00e9ployer l\u2019\u0153uvre commune au sein d&rsquo;un m\u00eame \u00e9tablissement. <\/p>\n\n\n\n<p>C&rsquo;est aussi une composante de la Qualit\u00e9 de vie au travail et de la RSE. Une d\u00e9marche utile \u00e0 l&rsquo;attractivit\u00e9 des postes et des \u00e9tablissements.<\/p>\n<\/div><\/div>\n<\/div><\/div>\n\n\n\n<h3 class=\"wp-block-heading\">Comment s&rsquo;engager ?<\/h3>\n\n\n\n<p>Int\u00e9grer la sant\u00e9 s\u00e9curit\u00e9 aux objectifs d&rsquo;\u00e9tablissement, d\u00e9signer les professionnels charg\u00e9s de la sant\u00e9 s\u00e9curit\u00e9<strong> <\/strong><sup data-fn=\"e825baa0-320a-475a-9ff5-16a328764caa\" class=\"fn\"><a href=\"#e825baa0-320a-475a-9ff5-16a328764caa\" id=\"e825baa0-320a-475a-9ff5-16a328764caa-link\">1<\/a><\/sup>, d\u00e9velopper la culture sant\u00e9 s\u00e9curit\u00e9 (former, animer), \u00e9valuer les risques avant d&rsquo;agir et les pr\u00e9venir, analyser les incidents ou accidents. <\/p>\n<\/div><\/div>\n\n\n\n<h2 class=\"wp-block-heading\">Nos missions<\/h2>\n\n\n\n<div class=\"wp-block-group\"><div class=\"wp-block-group__inner-container is-layout-constrained wp-block-group-is-layout-constrained\">\n<div class=\"wp-block-media-text is-stacked-on-mobile\" style=\"grid-template-columns:47% auto\"><figure class=\"wp-block-media-text__media\"><img loading=\"lazy\" decoding=\"async\" width=\"960\" height=\"720\" src=\"https:\/\/actenn.fr\/wp-content\/uploads\/2023\/12\/EVRP2023.jpg\" alt=\"\" class=\"wp-image-1051 size-full\" srcset=\"https:\/\/actenn.fr\/wp-content\/uploads\/2023\/12\/EVRP2023.jpg 960w, https:\/\/actenn.fr\/wp-content\/uploads\/2023\/12\/EVRP2023-300x225.jpg 300w, https:\/\/actenn.fr\/wp-content\/uploads\/2023\/12\/EVRP2023-768x576.jpg 768w, https:\/\/actenn.fr\/wp-content\/uploads\/2023\/12\/EVRP2023-750x563.jpg 750w\" sizes=\"auto, (max-width: 960px) 100vw, 960px\" \/><\/figure><div class=\"wp-block-media-text__content\">\n<div class=\"wp-block-group\"><div class=\"wp-block-group__inner-container is-layout-constrained wp-block-group-is-layout-constrained\">\n<div class=\"wp-block-group\"><div class=\"wp-block-group__inner-container is-layout-constrained wp-block-group-is-layout-constrained\">\n<h4 class=\"wp-block-heading\">\u00c9valuation <\/h4>\n\n\n\n<ul class=\"wp-block-list\">\n<li>Document unique d&rsquo;\u00e9valuation des risques<\/li>\n\n\n\n<li>Diagnostic risques psychosociaux<sup data-fn=\"e17c9347-a5ef-4cbb-bf80-0586bc600dc1\" class=\"fn\"><a href=\"#e17c9347-a5ef-4cbb-bf80-0586bc600dc1\" id=\"e17c9347-a5ef-4cbb-bf80-0586bc600dc1-link\">2<\/a><\/sup><\/li>\n\n\n\n<li>Analyse de poste approfondie<\/li>\n<\/ul>\n\n\n\n<div class=\"wp-block-group\"><div class=\"wp-block-group__inner-container is-layout-constrained wp-block-group-is-layout-constrained\">\n<div class=\"wp-block-group\"><div class=\"wp-block-group__inner-container is-layout-constrained wp-block-group-is-layout-constrained\">\n<h4 class=\"wp-block-heading\">Accompagnements<\/h4>\n\n\n\n<ul class=\"wp-block-list\">\n<li>Enqu\u00eate accident ou maladie professionnelle<\/li>\n\n\n\n<li>Pr\u00e9vention des harc\u00e8lements<strong> <\/strong>moral et sexuel<\/li>\n<\/ul>\n<\/div><\/div>\n<\/div><\/div>\n<\/div><\/div>\n<\/div><\/div>\n<\/div><\/div>\n<\/div><\/div>\n\n\n\n<div style=\"height:18px\" aria-hidden=\"true\" class=\"wp-block-spacer\"><\/div>\n\n\n\n<div class=\"wp-block-group\"><div class=\"wp-block-group__inner-container is-layout-constrained wp-block-group-is-layout-constrained\">\n<div class=\"wp-block-media-text is-stacked-on-mobile\" style=\"grid-template-columns:47% auto\"><figure class=\"wp-block-media-text__media\"><img loading=\"lazy\" decoding=\"async\" width=\"960\" height=\"720\" src=\"https:\/\/actenn.fr\/wp-content\/uploads\/2023\/12\/sms2023.jpg\" alt=\"\" class=\"wp-image-1050 size-full\" srcset=\"https:\/\/actenn.fr\/wp-content\/uploads\/2023\/12\/sms2023.jpg 960w, https:\/\/actenn.fr\/wp-content\/uploads\/2023\/12\/sms2023-300x225.jpg 300w, https:\/\/actenn.fr\/wp-content\/uploads\/2023\/12\/sms2023-768x576.jpg 768w, https:\/\/actenn.fr\/wp-content\/uploads\/2023\/12\/sms2023-750x563.jpg 750w\" sizes=\"auto, (max-width: 960px) 100vw, 960px\" \/><\/figure><div class=\"wp-block-media-text__content\">\n<h4 class=\"wp-block-heading\">Aide au d\u00e9ploiement de la d\u00e9marche Sant\u00e9 s\u00e9curit\u00e9 <\/h4>\n\n\n\n<ul class=\"wp-block-list\">\n<li>Construction syst\u00e8me, animation, soutien \u00e9quipe<\/li>\n\n\n\n<li>Charg\u00e9e de mission (RPS \/ QVCT \/ IPRP)<\/li>\n<\/ul>\n<\/div><\/div>\n<\/div><\/div>\n\n\n\n<div style=\"height:18px\" aria-hidden=\"true\" class=\"wp-block-spacer\"><\/div>\n\n\n\n<div class=\"wp-block-media-text is-stacked-on-mobile\" style=\"grid-template-columns:47% auto\"><figure class=\"wp-block-media-text__media\"><img loading=\"lazy\" decoding=\"async\" width=\"960\" height=\"720\" src=\"https:\/\/actenn.fr\/wp-content\/uploads\/2023\/12\/forma-2-2023.jpg\" alt=\"\" class=\"wp-image-1055 size-full\" srcset=\"https:\/\/actenn.fr\/wp-content\/uploads\/2023\/12\/forma-2-2023.jpg 960w, https:\/\/actenn.fr\/wp-content\/uploads\/2023\/12\/forma-2-2023-300x225.jpg 300w, https:\/\/actenn.fr\/wp-content\/uploads\/2023\/12\/forma-2-2023-768x576.jpg 768w, https:\/\/actenn.fr\/wp-content\/uploads\/2023\/12\/forma-2-2023-750x563.jpg 750w\" sizes=\"auto, (max-width: 960px) 100vw, 960px\" \/><\/figure><div class=\"wp-block-media-text__content\">\n<p><strong><a href=\"https:\/\/actenn.fr\/?page_id=6\" data-type=\"link\" data-id=\"https:\/\/actenn.fr\/?page_id=6\">Formations en sant\u00e9 s\u00e9curit\u00e9<\/a><\/strong>  des acteurs <a href=\"https:\/\/actenn.fr\/?page_id=6\" data-type=\"link\" data-id=\"https:\/\/actenn.fr\/?page_id=6\">Formations sur th\u00e9matiques<\/a> SSCT (RPS, Addictions, r\u00e9f\u00e9rent harc\u00e8lement sexuel&#8230;) <\/p>\n\n\n\n<div class=\"wp-block-buttons is-layout-flex wp-block-buttons-is-layout-flex\">\n<div class=\"wp-block-button is-style-outline is-style-outline--1\"><a class=\"wp-block-button__link wp-element-button\" href=\"https:\/\/actenn.fr\/?page_id=6\">en savoir plus sur les formations<\/a><\/div>\n<\/div>\n<\/div><\/div>\n\n\n\n<hr class=\"wp-block-separator has-alpha-channel-opacity\"\/>\n\n\n\n<div class=\"wp-block-group\"><div class=\"wp-block-group__inner-container is-layout-constrained wp-block-group-is-layout-constrained\">\n<h2 class=\"wp-block-heading\">Profils intervenantes<\/h2>\n\n\n\n<div class=\"wp-block-media-text has-media-on-the-right is-stacked-on-mobile\" style=\"grid-template-columns:auto 37%\"><div class=\"wp-block-media-text__content\">\n<ul class=\"wp-block-list\">\n<li>Intervenante (IPRP) depuis 2011 aupr\u00e8s de la DREETS Bretagne (renouvellement en 2019 pour 5 ans), signataire de la <strong>charte pr\u00e9vention Risques Psychosociaux Dreets Bretagne<\/strong>, ayant l&rsquo;exp\u00e9rience et pratique du management et de l&rsquo;organisation du travail.<\/li>\n\n\n\n<li>Psychologue du travail (diagnostic et accompagnement situation de harc\u00e8lement pr\u00e9sum\u00e9e)<\/li>\n<\/ul>\n<\/div><figure class=\"wp-block-media-text__media\"><img loading=\"lazy\" decoding=\"async\" width=\"960\" height=\"720\" src=\"https:\/\/actenn.fr\/wp-content\/uploads\/2023\/10\/logo-iprp-2023.jpg\" alt=\"\" class=\"wp-image-946 size-full\" srcset=\"https:\/\/actenn.fr\/wp-content\/uploads\/2023\/10\/logo-iprp-2023.jpg 960w, https:\/\/actenn.fr\/wp-content\/uploads\/2023\/10\/logo-iprp-2023-300x225.jpg 300w, https:\/\/actenn.fr\/wp-content\/uploads\/2023\/10\/logo-iprp-2023-768x576.jpg 768w, https:\/\/actenn.fr\/wp-content\/uploads\/2023\/10\/logo-iprp-2023-750x563.jpg 750w\" sizes=\"auto, (max-width: 960px) 100vw, 960px\" \/><\/figure><\/div>\n<\/div><\/div>\n\n\n\n<hr class=\"wp-block-separator has-alpha-channel-opacity\"\/>\n\n\n<ol class=\"wp-block-footnotes\"><li id=\"e825baa0-320a-475a-9ff5-16a328764caa\"><em><strong>Note<\/strong> I.-L&#8217;employeur d\u00e9signe un ou plusieurs salari\u00e9s comp\u00e9tents pour s&rsquo;occuper des activit\u00e9s de protection et de pr\u00e9vention des risques professionnels de l&rsquo;entreprise [qui b\u00e9n\u00e9ficie-nt d&rsquo;une formation en mati\u00e8re de sant\u00e9 au travail de 5 jours anim\u00e9e par un Organisme agr\u00e9\u00e9 \u00e0 la formation des CSE\/CSSCT] ou \u00e0 d\u00e9faut, &#8230; l&#8217;employeur peut faire appel, apr\u00e8s avis du comit\u00e9 social et \u00e9conomique, aux intervenants en pr\u00e9vention des risques professionnels &#8230; d\u00fbment enregistr\u00e9s aupr\u00e8s de l&rsquo;autorit\u00e9 administrative [DREETS] disposant de comp\u00e9tences dans le domaine de la pr\u00e9vention des risques professionnels et de l&rsquo;am\u00e9lioration des conditions de travail (<strong>Article L4644-1<\/strong>)<\/em> <a href=\"#e825baa0-320a-475a-9ff5-16a328764caa-link\" aria-label=\"Aller \u00e0 la note de bas de page 1\">\u21a9\ufe0e<\/a><\/li><li id=\"e17c9347-a5ef-4cbb-bf80-0586bc600dc1\"><em>Subvention Carsat possible sous conditions<\/em>  <a href=\"#e17c9347-a5ef-4cbb-bf80-0586bc600dc1-link\" aria-label=\"Aller \u00e0 la note de bas de page 2\">\u21a9\ufe0e<\/a><\/li><\/ol>","protected":false},"excerpt":{"rendered":"<p>\u201cPlus faibles sont les risques, meilleure est l&rsquo;entreprise.\u201d Sophocle Pourquoi s&rsquo;engager ? Nous pourrions parler d&rsquo;obligation l\u00e9gale ou risque p\u00e9nal&#8230;certes&#8230;mais il s&rsquo;agit avant tout d&rsquo;une reconnaissance des personnes qui s&rsquo;engagent au quotidien \u00e0 d\u00e9ployer l\u2019\u0153uvre commune au sein d&rsquo;un m\u00eame \u00e9tablissement. C&rsquo;est aussi une composante de la Qualit\u00e9 de vie au travail et de la&hellip;<a href=\"https:\/\/actenn.fr\/?page_id=86\" class=\"more-link\">Continue reading <span class=\"screen-reader-text\">Sant\u00e9 S\u00e9curit\u00e9<\/span><\/a><\/p>\n","protected":false},"author":1,"featured_media":0,"parent":0,"menu_order":1,"comment_status":"closed","ping_status":"closed","template":"","meta":{"footnotes":"[{\"content\":\"<em><strong>Note<\/strong> I.-L'employeur d\u00e9signe un ou plusieurs salari\u00e9s comp\u00e9tents pour s'occuper des activit\u00e9s de protection et de pr\u00e9vention des risques professionnels de l'entreprise [qui b\u00e9n\u00e9ficie-nt d'une formation en mati\u00e8re de sant\u00e9 au travail de 5 jours anim\u00e9e par un Organisme agr\u00e9\u00e9 \u00e0 la formation des CSE\/CSSCT] ou \u00e0 d\u00e9faut, ... l'employeur peut faire appel, apr\u00e8s avis du comit\u00e9 social et \u00e9conomique, aux intervenants en pr\u00e9vention des risques professionnels ... d\u00fbment enregistr\u00e9s aupr\u00e8s de l'autorit\u00e9 administrative [DREETS] disposant de comp\u00e9tences dans le domaine de la pr\u00e9vention des risques professionnels et de l'am\u00e9lioration des conditions de travail (<strong>Article L4644-1<\/strong>)<\/em>\",\"id\":\"e825baa0-320a-475a-9ff5-16a328764caa\"},{\"content\":\"<em>Subvention Carsat possible sous conditions<\/em> \",\"id\":\"e17c9347-a5ef-4cbb-bf80-0586bc600dc1\"}]"},"class_list":["post-86","page","type-page","status-publish","hentry"],"_links":{"self":[{"href":"https:\/\/actenn.fr\/index.php?rest_route=\/wp\/v2\/pages\/86","targetHints":{"allow":["GET"]}}],"collection":[{"href":"https:\/\/actenn.fr\/index.php?rest_route=\/wp\/v2\/pages"}],"about":[{"href":"https:\/\/actenn.fr\/index.php?rest_route=\/wp\/v2\/types\/page"}],"author":[{"embeddable":true,"href":"https:\/\/actenn.fr\/index.php?rest_route=\/wp\/v2\/users\/1"}],"replies":[{"embeddable":true,"href":"https:\/\/actenn.fr\/index.php?rest_route=%2Fwp%2Fv2%2Fcomments&post=86"}],"version-history":[{"count":82,"href":"https:\/\/actenn.fr\/index.php?rest_route=\/wp\/v2\/pages\/86\/revisions"}],"predecessor-version":[{"id":1063,"href":"https:\/\/actenn.fr\/index.php?rest_route=\/wp\/v2\/pages\/86\/revisions\/1063"}],"wp:attachment":[{"href":"https:\/\/actenn.fr\/index.php?rest_route=%2Fwp%2Fv2%2Fmedia&parent=86"}],"curies":[{"name":"wp","href":"https:\/\/api.w.org\/{rel}","templated":true}]}}