{"id":625,"date":"2025-03-01T11:01:51","date_gmt":"2025-03-01T10:01:51","guid":{"rendered":"https:\/\/actenn.fr\/?page_id=625"},"modified":"2025-03-01T18:40:02","modified_gmt":"2025-03-01T17:40:02","slug":"qvt","status":"publish","type":"page","link":"https:\/\/actenn.fr\/?page_id=625","title":{"rendered":"Qualit\u00e9 de Vie au travail"},"content":{"rendered":"\n<div class=\"wp-block-media-text is-stacked-on-mobile\" style=\"grid-template-columns:35% auto\"><figure class=\"wp-block-media-text__media\"><img loading=\"lazy\" decoding=\"async\" width=\"960\" height=\"720\" src=\"https:\/\/actenn.fr\/wp-content\/uploads\/2023\/12\/Qvt2-2023.jpg\" alt=\"\" class=\"wp-image-1057 size-full\" srcset=\"https:\/\/actenn.fr\/wp-content\/uploads\/2023\/12\/Qvt2-2023.jpg 960w, https:\/\/actenn.fr\/wp-content\/uploads\/2023\/12\/Qvt2-2023-300x225.jpg 300w, https:\/\/actenn.fr\/wp-content\/uploads\/2023\/12\/Qvt2-2023-768x576.jpg 768w, https:\/\/actenn.fr\/wp-content\/uploads\/2023\/12\/Qvt2-2023-750x563.jpg 750w\" sizes=\"auto, (max-width: 960px) 100vw, 960px\" \/><\/figure><div class=\"wp-block-media-text__content\">\n<blockquote class=\"wp-block-quote is-layout-flow wp-block-quote-is-layout-flow\">\n<p>Que le temps soit beau ou temp\u00e9tueux, \u00a0\u00bb l<strong>e courage c&rsquo;est d&rsquo;aller \u00e0 l&rsquo;id\u00e9al et de comprendre le r\u00e9el  \u00a0\u00bb <\/strong> <\/p>\n<cite>Jean Jaur\u00e8s<\/cite><\/blockquote>\n<\/div><\/div>\n\n\n\n<h3 class=\"wp-block-heading\">Qualit\u00e9 de Vie et des Conditions de Travail, c&rsquo;est quoi ?<\/h3>\n\n\n\n<p>La Qualit\u00e9 de Vie et des Conditions de Travail vise \u00e0 consolider la performance et \u00e0 d\u00e9velopper le bien-\u00eatre au travail des \u00e9quipes. Et si ce mot PERFORMANCE vous donne des boutons, sachez qu&rsquo;elle est ici entendue comme un <strong>juste \u00e9quilibre<\/strong> entre performances technique, sociale, \u00e9conomique, \u00e9cologique, soci\u00e9tale.<\/p>\n\n\n\n<h3 class=\"wp-block-heading\">Pour quels \u00e9tablissements ?<\/h3>\n\n\n\n<p>Tous, y compris lors de changement structurel ou de difficult\u00e9s durables <em>(le courage c&rsquo;est d&rsquo;aller \u00e0 l&rsquo;id\u00e9al et de comprendre le r\u00e9el <\/em>).<\/p>\n\n\n\n<h3 class=\"wp-block-heading\">Quels leviers ?<\/h3>\n\n\n\n<p>Formation du management, dialogue social, \u00e9changes collectifs, accompagnement du changement exp\u00e9rimentation et retour d&rsquo;exp\u00e9rience, pr\u00e9vention des risques psychosociaux et de l&rsquo;usure professionnelle, gestion des carri\u00e8res, \u00e9galit\u00e9 professionnelle&#8230;<\/p>\n\n\n\n<p>Les leviers sont propres \u00e0 chaque contexte d&rsquo;\u00e9quipe. <\/p>\n\n\n\n<h1 class=\"wp-block-heading\"><strong>Nos prestations <\/strong><\/h1>\n\n\n\n<ul class=\"wp-block-list\">\n<li>Diagnostic QVCT <\/li>\n\n\n\n<li>Questionnaire QVCT (lien avec les risques psychosociaux<\/li>\n\n\n\n<li>Formation des Directions (d\u00e9ployer la QVCT) et membres du CSE<\/li>\n\n\n\n<li>Formation des encadrants de proximit\u00e9 (d\u00e9ployer la QVCT dans son service) <\/li>\n\n\n\n<li>Animation de groupe d&rsquo;\u00e9changes<\/li>\n\n\n\n<li>Animation de retour d&rsquo;exp\u00e9rience<\/li>\n\n\n\n<li>Soutien manag\u00e9rial (\u00e9quipe en difficult\u00e9)<\/li>\n<\/ul>\n\n\n\n<p><\/p>\n\n\n\n<h2 class=\"wp-block-heading\">Soutien d\u2019\u00e9quipe<\/h2>\n\n\n\n<p>Accompagnement visant \u00e0 faire un \u00e9tat des lieux afin de <span style=\"color:#0a4db9\" class=\"has-inline-color\"><strong>dresser le bilan des besoins collectifs (relationnels et organisationnels) <\/strong><\/span>de toute \u00e9quipe en difficult\u00e9 et de permettre au collectif de renouer le dialogue (pr\u00e9alable avant d&rsquo;engager une d\u00e9marche de Qualit\u00e9 de vie au travail).<\/p>\n\n\n\n<p><strong>Outils<\/strong>: apr\u00e8s d\u00e9couverte par l&rsquo;intervenante des fonctionnements et m\u00e9tiers accompagn\u00e9s, animation de travaux collectifs (r\u00e9flexion sur l&rsquo;organisation du travail r\u00e9el &#8230;)<\/p>\n\n\n\n<p><strong>Animation d&rsquo;\u00e9changes collectifs<\/strong>: mobilisation de l&rsquo;intelligence collective. Accompagnement r\u00e9alis\u00e9 par une ou deux intervenantes sp\u00e9cialis\u00e9es. Consultantes en MANAGEMENT et SANT\u00c9 au travail et PSYCHOLOGUE du travail.<\/p>\n\n\n\n<p><strong><span class=\"has-inline-color has-luminous-vivid-orange-color\">Contact: 09 50 74 09 62  &gt;&gt; C. Madec Qu\u00e9m\u00e9neur<\/span><\/strong><\/p>\n","protected":false},"excerpt":{"rendered":"<p>Qualit\u00e9 de Vie et des Conditions de Travail, c&rsquo;est quoi ? La Qualit\u00e9 de Vie et des Conditions de Travail vise \u00e0 consolider la performance et \u00e0 d\u00e9velopper le bien-\u00eatre au travail des \u00e9quipes. Et si ce mot PERFORMANCE vous donne des boutons, sachez qu&rsquo;elle est ici entendue comme un juste \u00e9quilibre entre performances technique,&hellip;<a href=\"https:\/\/actenn.fr\/?page_id=625\" class=\"more-link\">Continue reading <span class=\"screen-reader-text\">Qualit\u00e9 de Vie au travail<\/span><\/a><\/p>\n","protected":false},"author":1,"featured_media":0,"parent":0,"menu_order":0,"comment_status":"closed","ping_status":"closed","template":"","meta":{"footnotes":""},"class_list":["post-625","page","type-page","status-publish","hentry"],"_links":{"self":[{"href":"https:\/\/actenn.fr\/index.php?rest_route=\/wp\/v2\/pages\/625","targetHints":{"allow":["GET"]}}],"collection":[{"href":"https:\/\/actenn.fr\/index.php?rest_route=\/wp\/v2\/pages"}],"about":[{"href":"https:\/\/actenn.fr\/index.php?rest_route=\/wp\/v2\/types\/page"}],"author":[{"embeddable":true,"href":"https:\/\/actenn.fr\/index.php?rest_route=\/wp\/v2\/users\/1"}],"replies":[{"embeddable":true,"href":"https:\/\/actenn.fr\/index.php?rest_route=%2Fwp%2Fv2%2Fcomments&post=625"}],"version-history":[{"count":15,"href":"https:\/\/actenn.fr\/index.php?rest_route=\/wp\/v2\/pages\/625\/revisions"}],"predecessor-version":[{"id":1092,"href":"https:\/\/actenn.fr\/index.php?rest_route=\/wp\/v2\/pages\/625\/revisions\/1092"}],"wp:attachment":[{"href":"https:\/\/actenn.fr\/index.php?rest_route=%2Fwp%2Fv2%2Fmedia&parent=625"}],"curies":[{"name":"wp","href":"https:\/\/api.w.org\/{rel}","templated":true}]}}