{"id":60,"date":"2025-03-01T11:01:04","date_gmt":"2025-03-01T10:01:04","guid":{"rendered":"http:\/\/actenn.fr\/?page_id=60"},"modified":"2025-03-01T18:41:02","modified_gmt":"2025-03-01T17:41:02","slug":"sante-securite-actualite-duer","status":"publish","type":"page","link":"https:\/\/actenn.fr\/?page_id=60","title":{"rendered":"Actualit\u00e9 en sant\u00e9 s\u00e9curit\u00e9"},"content":{"rendered":"<h2><span style=\"color: #003366;\">Risque chimique (juillet 2024)<\/span><\/h2>\n<h4>Depuis juillet 2024, une nouvelle annexe s&rsquo;invite dans le Document unique d&rsquo;\u00e9valuation des risques professionnels (DUER).\u00a0<\/h4>\n<p>En pratique vous devez r\u00e9aliser l&rsquo;\u00e9valuation du risque chimique (en compl\u00e9ment du Document unique) et \u00eatre capable \u00e0 partir de celle-ci de mettre \u00e0 jour votre DUER afin de tracer l&rsquo;exposition des travailleurs aux agents chimiques CMR. <span style=\"color: #ffffff;\"><strong>CCP S\u00e9curit\u00e9 alimentaire Plan maitrise sanitaire Brest Finist\u00e8re<\/strong><\/span><\/p>\n\n\n<div class=\"wp-block-buttons is-layout-flex wp-block-buttons-is-layout-flex\">\n<div class=\"wp-block-button\"><a class=\"wp-block-button__link wp-element-button\" href=\"https:\/\/www.legifrance.gouv.fr\/jorf\/id\/JORFTEXT000049366748?init=true&amp;page=1&amp;query=2024-307&amp;searchField=ALL&amp;tab_selection=all\">D\u00e9cret n\u00b0 2024-307 du 4 avril 2024 fixant des valeurs limites d&rsquo;exposition professionnelle contraignantes pour certains agents chimiques et compl\u00e9tant la tra\u00e7abilit\u00e9 de l&rsquo;exposition des travailleurs aux agents chimiques canc\u00e9rog\u00e8nes, mutag\u00e8nes ou toxiques pour la reproduction<\/a><\/div>\n<\/div>\n\n\n\n<p><\/p>\n","protected":false},"excerpt":{"rendered":"<p>Risque chimique (juillet 2024) Depuis juillet 2024, une nouvelle annexe s&rsquo;invite dans le Document unique d&rsquo;\u00e9valuation des risques professionnels (DUER).\u00a0 En pratique vous devez r\u00e9aliser l&rsquo;\u00e9valuation du risque chimique (en compl\u00e9ment du Document unique) et \u00eatre capable \u00e0 partir de celle-ci de mettre \u00e0 jour votre DUER afin de tracer l&rsquo;exposition des travailleurs aux agents&hellip;<a href=\"https:\/\/actenn.fr\/?page_id=60\" class=\"more-link\">Continue reading <span class=\"screen-reader-text\">Actualit\u00e9 en sant\u00e9 s\u00e9curit\u00e9<\/span><\/a><\/p>\n","protected":false},"author":1,"featured_media":0,"parent":86,"menu_order":1,"comment_status":"closed","ping_status":"closed","template":"","meta":{"footnotes":""},"class_list":["post-60","page","type-page","status-publish","hentry"],"_links":{"self":[{"href":"https:\/\/actenn.fr\/index.php?rest_route=\/wp\/v2\/pages\/60","targetHints":{"allow":["GET"]}}],"collection":[{"href":"https:\/\/actenn.fr\/index.php?rest_route=\/wp\/v2\/pages"}],"about":[{"href":"https:\/\/actenn.fr\/index.php?rest_route=\/wp\/v2\/types\/page"}],"author":[{"embeddable":true,"href":"https:\/\/actenn.fr\/index.php?rest_route=\/wp\/v2\/users\/1"}],"replies":[{"embeddable":true,"href":"https:\/\/actenn.fr\/index.php?rest_route=%2Fwp%2Fv2%2Fcomments&post=60"}],"version-history":[{"count":14,"href":"https:\/\/actenn.fr\/index.php?rest_route=\/wp\/v2\/pages\/60\/revisions"}],"predecessor-version":[{"id":1130,"href":"https:\/\/actenn.fr\/index.php?rest_route=\/wp\/v2\/pages\/60\/revisions\/1130"}],"up":[{"embeddable":true,"href":"https:\/\/actenn.fr\/index.php?rest_route=\/wp\/v2\/pages\/86"}],"wp:attachment":[{"href":"https:\/\/actenn.fr\/index.php?rest_route=%2Fwp%2Fv2%2Fmedia&parent=60"}],"curies":[{"name":"wp","href":"https:\/\/api.w.org\/{rel}","templated":true}]}}