{"id":6,"date":"2025-03-01T12:29:12","date_gmt":"2025-03-01T11:29:12","guid":{"rendered":"http:\/\/actenn.fr\/?page_id=6"},"modified":"2025-03-01T18:40:15","modified_gmt":"2025-03-01T17:40:15","slug":"page-actenn","status":"publish","type":"page","link":"https:\/\/actenn.fr\/?page_id=6","title":{"rendered":"Formations"},"content":{"rendered":"\n<p><\/p>\n\n\n\n<div class=\"wp-block-media-text has-media-on-the-right is-stacked-on-mobile\" style=\"grid-template-columns:auto 48%\"><div class=\"wp-block-media-text__content\">\n<p style=\"font-size:20px\"><strong>Dis-moi et j\u2019oublierai. Montre-moi et je m\u2019en souviendrai peut-\u00eatre. Fais-moi participer et je comprendrai. <\/strong><\/p>\n\n\n\n<p><em>Confucius<\/em><\/p>\n\n\n\n<div style=\"height:6px\" aria-hidden=\"true\" class=\"wp-block-spacer\"><\/div>\n\n\n\n<p style=\"font-size:20px\"><\/p>\n<\/div><figure class=\"wp-block-media-text__media\"><img loading=\"lazy\" decoding=\"async\" width=\"960\" height=\"720\" src=\"https:\/\/actenn.fr\/wp-content\/uploads\/2023\/12\/forma-2-2023.jpg\" alt=\"\" class=\"wp-image-1055 size-full\" srcset=\"https:\/\/actenn.fr\/wp-content\/uploads\/2023\/12\/forma-2-2023.jpg 960w, https:\/\/actenn.fr\/wp-content\/uploads\/2023\/12\/forma-2-2023-300x225.jpg 300w, https:\/\/actenn.fr\/wp-content\/uploads\/2023\/12\/forma-2-2023-768x576.jpg 768w, https:\/\/actenn.fr\/wp-content\/uploads\/2023\/12\/forma-2-2023-750x563.jpg 750w\" sizes=\"auto, (max-width: 960px) 100vw, 960px\" \/><\/figure><\/div>\n\n\n\n<div class=\"wp-block-group\"><div class=\"wp-block-group__inner-container is-layout-constrained wp-block-group-is-layout-constrained\">\n<h2 class=\"wp-block-heading\">Formation en INTRA ou INTER <\/h2>\n\n\n\n<p>Les formations dispens\u00e9es sont construites pour les \u00e9quipes d&rsquo;un m\u00eame \u00e9tablissement (<strong>formation INTRA sur mesure<\/strong>) ou pour des stagiaires issus d&rsquo;\u00e9tablissements diff\u00e9rents (<strong>formation INTER<\/strong>).<\/p>\n\n\n\n<p>L&rsquo;animation est assur\u00e9e <strong>en pr\u00e9sentiel .<\/strong><\/p>\n<\/div><\/div>\n\n\n\n<h2 class=\"wp-block-heading has-text-color has-large-font-size\" style=\"color:#31d100\">Catalogue Formations<\/h2>\n\n\n\n<div class=\"wp-block-group\"><div class=\"wp-block-group__inner-container is-layout-constrained wp-block-group-is-layout-constrained\">\n<div class=\"wp-block-columns is-layout-flex wp-container-core-columns-is-layout-9d6595d7 wp-block-columns-is-layout-flex\">\n<div class=\"wp-block-column is-layout-flow wp-block-column-is-layout-flow\" style=\"flex-basis:100%\">\n<div class=\"wp-block-group\"><div class=\"wp-block-group__inner-container is-layout-constrained wp-block-group-is-layout-constrained\">\n<div class=\"wp-block-group\"><div class=\"wp-block-group__inner-container is-layout-constrained wp-block-group-is-layout-constrained\">\n<figure class=\"wp-block-table is-style-stripes\"><table class=\"has-pale-cyan-blue-background-color has-background has-fixed-layout\"><tbody><tr><td>Formation : <strong>Manager une \u00e9quipe<\/strong> <\/td><\/tr><tr><td><strong>Objectif<\/strong>: Permettre de d\u00e9couvrir ou red\u00e9couvrir les fondamentaux du management<\/td><\/tr><tr><td><strong>Profil <\/strong>: Encadrant, Chef d&rsquo;\u00e9quipe, Faisant fonction<br><strong>Pr\u00e9requis<\/strong>: aucun<br><strong>Dur\u00e9e <\/strong>: 2 jours<br><strong>DATE INTER<\/strong>: 8 et 9 juillet 2025 <strong>Lieu<\/strong>: Plougastel-Daoulas<\/td><\/tr><\/tbody><\/table><\/figure>\n<\/div><\/div>\n<\/div><\/div>\n<\/div>\n<\/div>\n<\/div><\/div>\n\n\n\n<figure class=\"wp-block-table is-style-stripes\"><table class=\"has-luminous-vivid-amber-background-color has-background has-fixed-layout\"><tbody><tr><td><strong>Formation : Pr\u00e9venir les risques psychosociaux dans son \u00e9quipe<\/strong><\/td><\/tr><tr><td><strong>Objectif<\/strong>: Comprendre leur origine, savoir les identifier, savoir accompagner les salari\u00e9s<\/td><\/tr><tr><td><strong>Profil <\/strong>: Encadrant, Chef d&rsquo;\u00e9quipe, Faisant fonction<br><strong>Pr\u00e9requis<\/strong>: aucun<br><strong>Dur\u00e9e <\/strong>: 1 jour<br><strong>DATE INTER<\/strong>: 1er juillet 2025 <strong>Lieu<\/strong>: Plougastel-Daoulas<\/td><\/tr><\/tbody><\/table><\/figure>\n\n\n\n<figure class=\"wp-block-table is-style-stripes\"><table class=\"has-black-color has-pale-cyan-blue-background-color has-text-color has-background has-link-color has-fixed-layout\"><tbody><tr><td>Formation : <strong>Promouvoir la <strong>Qualit\u00e9 de vie au travail <\/strong>dans son service<\/strong><\/td><\/tr><tr><td><strong>Objectif<\/strong>: Comprendre la philosophie, identifier ses leviers, s&rsquo;exercer \u00e0 animer des espaces de discussions sur le travail<\/td><\/tr><tr><td><strong>Profil <\/strong>: Encadrant, Chef d&rsquo;\u00e9quipe, Faisant fonction<br><strong>Pr\u00e9requis<\/strong>: avoir suivi le module pr\u00e9vention RPS la veille<br><strong>Dur\u00e9e <\/strong>: 1 jour<br><strong>DATE INTER<\/strong>: 2 juillet 2025 <strong>Lieu<\/strong>: Plougastel-Daoulas<\/td><\/tr><\/tbody><\/table><\/figure>\n\n\n\n<figure class=\"wp-block-table is-style-stripes\"><table class=\"has-black-color has-luminous-vivid-amber-background-color has-text-color has-background has-link-color has-fixed-layout\"><tbody><tr><td>Formation : <strong>Formation des <strong>membres CSE et CSSCT<\/strong> \u00e0 la sant\u00e9 s\u00e9curit\u00e9 et aux conditions de travail (<strong>entreprise de moins de 50 salari\u00e9s) <\/strong><\/strong><\/td><\/tr><tr><td><strong>Objectif<\/strong>: permettre aux membres du CSE de tenir leur r\u00f4le, se former \u00e0 la pr\u00e9vention des risques (savoir \u00e9valuer, agir, proposer<\/td><\/tr><tr><td><strong>Profil <\/strong>: membres du CSE en premier mandat <br><strong>Pr\u00e9requis<\/strong>: aucun<br><strong>Dur\u00e9e <\/strong>: 5 jours<br><strong>DATE INTER<\/strong>: 26,27 mars et 2,3,4 avril 2025 ou 17,18 &amp; 25,26,27 juin 2025<br><strong>Lieu<\/strong>: Plougastel-Daoulas<br><a href=\"http:\/\/actenn.fr\/?page_id=778\">Plus de d\u00e9tail et programme<\/a><\/td><\/tr><\/tbody><\/table><\/figure>\n\n\n\n<figure class=\"wp-block-table is-style-stripes\"><table class=\"has-black-color has-pale-cyan-blue-background-color has-text-color has-background has-link-color has-fixed-layout\"><tbody><tr><td>Formation : <strong>Formation des <strong>membres CSE et CSSCT<\/strong> \u00e0 la sant\u00e9 s\u00e9curit\u00e9 et aux conditions de travail (<strong>entreprise de plus de 50 salari\u00e9s) <\/strong><\/strong><\/td><\/tr><tr><td><strong>Objectif<\/strong>: permettre aux membres du CSE de tenir leur r\u00f4le, se former \u00e0 la pr\u00e9vention des risques (savoir \u00e9valuer, agir, proposer<\/td><\/tr><tr><td><strong>Profil <\/strong>: membres CSE \/CSSCT<br><strong>Pr\u00e9requis<\/strong>: aucun<br><strong>Dur\u00e9e <\/strong>: 5 jours<br><strong>DATE INTER<\/strong>: 27,28 mai et 4,5,6 juin 2025<br><strong>Lieu<\/strong>: Plougastel-Daoulas<br><a href=\"http:\/\/actenn.fr\/?page_id=778\">Plus de d\u00e9tail et programme<\/a><\/td><\/tr><\/tbody><\/table><\/figure>\n\n\n\n<h2 class=\"wp-block-heading\">D\u00e9marche qualit\u00e9<\/h2>\n\n\n<div class=\"wp-block-image\">\n<figure class=\"alignleft is-resized\"><a href=\"https:\/\/actenn.fr\/wp-content\/uploads\/2020\/01\/datadock.jpg\"><img loading=\"lazy\" decoding=\"async\" width=\"716\" height=\"772\" src=\"https:\/\/actenn.fr\/wp-content\/uploads\/2020\/01\/datadock.jpg\" alt=\"\" class=\"wp-image-460\" style=\"width:123px;height:133px\" srcset=\"https:\/\/actenn.fr\/wp-content\/uploads\/2020\/01\/datadock.jpg 716w, https:\/\/actenn.fr\/wp-content\/uploads\/2020\/01\/datadock-278x300.jpg 278w\" sizes=\"auto, (max-width: 716px) 100vw, 716px\" \/><\/a><\/figure>\n<\/div>\n\n\n<p><span style=\"color: #000000;\"> <\/span><\/p>\n\n\n\n<p>Nous appliquons les exigences Qualiopi (certification en pr\u00e9paration). Nous travaillons en partenariat avec des organismes de formation certifi\u00e9s <span style=\"color: #0084ff;\">QUALIOPI .<br><\/span>Intervenantes ayant la pratique et l&rsquo;exp\u00e9rience terrain en management, animation, pr\u00e9vention des risques.<\/p>\n\n\n\n<h2 class=\"wp-block-heading\" style=\"font-size:30px\">&nbsp;Informations pratiques<\/h2>\n\n\n\n<p>&nbsp;Le d\u00e9lai d\u2019acc\u00e8s des formations est d&rsquo;un \u00e0 trois mois.<\/p>\n\n\n\n<p>Le tarif est fonction du nombre de stagiaires, d\u00e9pend de la th\u00e9matique, des modalit\u00e9s d&rsquo;animation (distanciel ou pr\u00e9sentiel) et de la dur\u00e9e de la formation.&nbsp;<\/p>\n\n\n\n<p>Les stagiaires sont invit\u00e9s \u00e0 respecter le r\u00e8glement int\u00e9rieur.<\/p>\n\n\n\n<h2 class=\"wp-block-heading\">Lieux de formation<\/h2>\n\n\n\n<p>Les formations INTER sont dispens\u00e9es \u00e0 PLOUGASTEL-DAOULAS- (\u00e0 <a href=\"https:\/\/station-p.bzh\/\" data-type=\"link\" data-id=\"https:\/\/station-p.bzh\/\">Station P<\/a>). Toutes les formations INTER sont accessibles aux personnes en situation de handicap.<\/p>\n\n\n<div class=\"wp-block-image\">\n<figure class=\"aligncenter size-full is-resized\"><a href=\"https:\/\/actenn.fr\/wp-content\/uploads\/2023\/12\/StationP.png\"><img loading=\"lazy\" decoding=\"async\" width=\"960\" height=\"720\" src=\"https:\/\/actenn.fr\/wp-content\/uploads\/2023\/12\/StationP.png\" alt=\"\" class=\"wp-image-1065\" style=\"width:595px;height:446px\" srcset=\"https:\/\/actenn.fr\/wp-content\/uploads\/2023\/12\/StationP.png 960w, https:\/\/actenn.fr\/wp-content\/uploads\/2023\/12\/StationP-300x225.png 300w, https:\/\/actenn.fr\/wp-content\/uploads\/2023\/12\/StationP-768x576.png 768w, https:\/\/actenn.fr\/wp-content\/uploads\/2023\/12\/StationP-750x563.png 750w\" sizes=\"auto, (max-width: 960px) 100vw, 960px\" \/><\/a><\/figure>\n<\/div>","protected":false},"excerpt":{"rendered":"<p>Formation en INTRA ou INTER Les formations dispens\u00e9es sont construites pour les \u00e9quipes d&rsquo;un m\u00eame \u00e9tablissement (formation INTRA sur mesure) ou pour des stagiaires issus d&rsquo;\u00e9tablissements diff\u00e9rents (formation INTER). L&rsquo;animation est assur\u00e9e en pr\u00e9sentiel . Catalogue Formations Formation : Manager une \u00e9quipe Objectif: Permettre de d\u00e9couvrir ou red\u00e9couvrir les fondamentaux du management Profil : Encadrant,&hellip;<a href=\"https:\/\/actenn.fr\/?page_id=6\" class=\"more-link\">Continue reading <span class=\"screen-reader-text\">Formations<\/span><\/a><\/p>\n","protected":false},"author":1,"featured_media":0,"parent":0,"menu_order":1,"comment_status":"closed","ping_status":"closed","template":"","meta":{"footnotes":""},"class_list":["post-6","page","type-page","status-publish","hentry"],"_links":{"self":[{"href":"https:\/\/actenn.fr\/index.php?rest_route=\/wp\/v2\/pages\/6","targetHints":{"allow":["GET"]}}],"collection":[{"href":"https:\/\/actenn.fr\/index.php?rest_route=\/wp\/v2\/pages"}],"about":[{"href":"https:\/\/actenn.fr\/index.php?rest_route=\/wp\/v2\/types\/page"}],"author":[{"embeddable":true,"href":"https:\/\/actenn.fr\/index.php?rest_route=\/wp\/v2\/users\/1"}],"replies":[{"embeddable":true,"href":"https:\/\/actenn.fr\/index.php?rest_route=%2Fwp%2Fv2%2Fcomments&post=6"}],"version-history":[{"count":97,"href":"https:\/\/actenn.fr\/index.php?rest_route=\/wp\/v2\/pages\/6\/revisions"}],"predecessor-version":[{"id":1132,"href":"https:\/\/actenn.fr\/index.php?rest_route=\/wp\/v2\/pages\/6\/revisions\/1132"}],"wp:attachment":[{"href":"https:\/\/actenn.fr\/index.php?rest_route=%2Fwp%2Fv2%2Fmedia&parent=6"}],"curies":[{"name":"wp","href":"https:\/\/api.w.org\/{rel}","templated":true}]}}