{"id":378,"date":"2025-03-01T11:01:44","date_gmt":"2025-03-01T10:01:44","guid":{"rendered":"http:\/\/actenn.fr\/?page_id=378"},"modified":"2025-03-01T18:41:19","modified_gmt":"2025-03-01T17:41:19","slug":"document-unique","status":"publish","type":"page","link":"https:\/\/actenn.fr\/?page_id=378","title":{"rendered":"R\u00e9glementation SST"},"content":{"rendered":"\n<div class=\"wp-block-media-text is-stacked-on-mobile\" style=\"grid-template-columns:45% auto\"><figure class=\"wp-block-media-text__media\"><img loading=\"lazy\" decoding=\"async\" width=\"454\" height=\"302\" src=\"https:\/\/actenn.fr\/wp-content\/uploads\/2021\/01\/sst2021-legislation.png\" alt=\"\" class=\"wp-image-651 size-full\" srcset=\"https:\/\/actenn.fr\/wp-content\/uploads\/2021\/01\/sst2021-legislation.png 454w, https:\/\/actenn.fr\/wp-content\/uploads\/2021\/01\/sst2021-legislation-300x200.png 300w\" sizes=\"auto, (max-width: 454px) 100vw, 454px\" \/><\/figure><div class=\"wp-block-media-text__content\">\n<p class=\"has-x-large-font-size\"><strong>Besoin de conseil ?<\/strong><\/p>\n\n\n\n<div class=\"wp-block-buttons is-nowrap is-layout-flex wp-container-core-buttons-is-layout-ad2f72ca wp-block-buttons-is-layout-flex\">\n<div class=\"wp-block-button has-custom-width wp-block-button__width-75 has-custom-font-size is-style-outline is-style-outline--1\" style=\"font-size:25px\"><a class=\"wp-block-button__link wp-element-button\" href=\"tel:0662952784\">Nous appeler<\/a><\/div>\n<\/div>\n<\/div><\/div>\n\n\n\n<h1 class=\"wp-block-heading\"><span style=\"color: #808080;\"><strong>Cadre r\u00e9glementaire<\/strong><\/span> de la pr\u00e9vention des risques professionnels<span style=\"color: #808080;\"> <\/span><\/h1>\n\n\n\n<h2 class=\"wp-block-heading\"><span style=\"color: #ff6600;\"><\/span>(page en cours de mise \u00e0 jour- \u00e0 v\u00e9rifier)<\/h2>\n\n\n\n<figure class=\"wp-block-table\"><table><tbody><tr><td>Obligation de pr\u00e9venir les risques: <strong>Chaque employeur est invit\u00e9 \u00e0 engager une d\u00e9marche de pr\u00e9vention des risques continu<\/strong>e<\/td><td>L&#8217;employeur prend les mesures n\u00e9cessaires pour assurer la s\u00e9curit\u00e9 et prot\u00e9ger la sant\u00e9 physique et mentale des travailleurs.<br><strong>Ces mesures comprennent :<\/strong><br>1\u00b0 Des actions de pr\u00e9vention des risques professionnels, y compris ceux mentionn\u00e9s \u00e0 l&rsquo;article <a rel=\"noreferrer noopener\" href=\"https:\/\/www.legifrance.gouv.fr\/codes\/article_lc\/LEGIARTI000035640694\/2017-10-01\/\" target=\"_blank\">L. 4161-1 ;<\/a><br>2\u00b0 Des actions d&rsquo;information et de formation ;<br>3\u00b0 La mise en place d&rsquo;une organisation et de moyens adapt\u00e9s.<br>L&#8217;employeur veille \u00e0 l&rsquo;adaptation de ces mesures pour tenir compte du changement des circonstances et tendre \u00e0 l&rsquo;am\u00e9lioration des situations existantes.<\/td><td><a rel=\"noreferrer noopener\" href=\"https:\/\/www.legifrance.gouv.fr\/codes\/article_lc\/LEGIARTI000035640828\" data-type=\"URL\" data-id=\"https:\/\/www.legifrance.gouv.fr\/codes\/article_lc\/LEGIARTI000035640828\" target=\"_blank\"><strong>Article L4121-1<\/strong> <mark style=\"background-color:rgba(0, 0, 0, 0)\" class=\"has-inline-color has-vivid-cyan-blue-color\"><em>(Modifi\u00e9 par Ordonnance n\u00b02017-1389 du 22 septembre 2017 &#8211; art. 2)<\/em><\/mark><\/a><\/td><\/tr><tr><td>Obligation d&rsquo;\u00e9valuation des risques et de mise \u00e0 jour annuelle (sauf petite entreprise sauf changement important)<\/td><td>L&#8217;employeur, compte tenu de la nature des activit\u00e9s de l&rsquo;\u00e9tablissement, \u00e9value les risques pour la sant\u00e9 et la s\u00e9curit\u00e9 des travailleurs, y compris dans le choix des proc\u00e9d\u00e9s de fabrication, des \u00e9quipements de travail, des substances ou pr\u00e9parations chimiques, dans l&rsquo;am\u00e9nagement ou le r\u00e9am\u00e9nagement des lieux de travail ou des installations, dans l&rsquo;organisation du travail et dans la d\u00e9finition des postes de travail. Cette \u00e9valuation des risques tient compte de l&rsquo;impact diff\u00e9renci\u00e9 de l&rsquo;exposition au risque en fonction du sexe.<br><br>Lorsque les documents pr\u00e9vus pour l&rsquo;application du pr\u00e9sent article doivent faire l&rsquo;objet d&rsquo;une mise \u00e0 jour, celle-ci peut \u00eatre moins fr\u00e9quente dans les entreprises de moins de onze salari\u00e9s, sous r\u00e9serve que soit garanti un niveau \u00e9quivalent de protection de la sant\u00e9 et de la s\u00e9curit\u00e9 des travailleurs, dans des conditions fix\u00e9es par d\u00e9cret en Conseil d&rsquo;Etat apr\u00e8s avis des organisations professionnelles concern\u00e9es.<\/td><td><a rel=\"noreferrer noopener\" href=\"https:\/\/www.legifrance.gouv.fr\/codes\/article_lc\/LEGIARTI000043893923\/2022-03-31\/\" data-type=\"URL\" data-id=\"https:\/\/www.legifrance.gouv.fr\/codes\/article_lc\/LEGIARTI000043893923\/2022-03-31\/\" target=\"_blank\">Article L4121-3 Modifi\u00e9 par LOI n\u00b02021-1018 du 2 ao\u00fbt 2021 &#8211; art. 3<\/a><\/td><\/tr><tr><td><strong><span style=\"color: #ff6600;\"><span style=\"background-color:rgba(0, 0, 0, 0)\" class=\"has-inline-color has-luminous-vivid-orange-color\">Obligation de formalisation de l&rsquo;\u00e9valuation des risques\u00a0 (\u00ab\u00a0Document unique\u00a0\u00bb) et de\u00a0 mise \u00e0 jour de l&rsquo;\u00e9valuation annuelle<\/span><\/span><\/strong><\/td><td>L&#8217;employeur transcrit et met \u00e0 jour dans un document unique les r\u00e9sultats de l&rsquo;\u00e9valuation des risques pour la sant\u00e9 et la s\u00e9curit\u00e9 des travailleurs \u00e0 laquelle il proc\u00e8de en application de l&rsquo;article <a rel=\"noreferrer noopener\" href=\"https:\/\/www.legifrance.gouv.fr\/codes\/article_lc\/LEGIARTI000043893923\/2022-03-31\/\" target=\"_blank\">L. 4121-3<\/a>.<br>Cette \u00e9valuation comporte un inventaire des risques identifi\u00e9s dans chaque unit\u00e9 de travail de l&rsquo;entreprise ou de l&rsquo;\u00e9tablissement, y compris ceux li\u00e9s aux ambiances thermiques.<br>&#8211;> mise \u00e0 jour du DUER<br>La mise \u00e0 jour du document unique d&rsquo;\u00e9valuation des risques professionnels est r\u00e9alis\u00e9e :<br>1\u00b0 Au moins chaque ann\u00e9e dans les entreprises d&rsquo;au moins onze salari\u00e9s ;<br>2\u00b0 Lors de toute d\u00e9cision d&rsquo;am\u00e9nagement important modifiant les conditions de sant\u00e9 et de s\u00e9curit\u00e9 ou les conditions de travail ;<br>3\u00b0 Lorsqu&rsquo;une information suppl\u00e9mentaire int\u00e9ressant l&rsquo;\u00e9valuation d&rsquo;un risque est port\u00e9e \u00e0 la connaissance de l&#8217;employeur.<br>La mise \u00e0 jour du programme annuel de pr\u00e9vention des risques professionnels et d&rsquo;am\u00e9lioration des conditions de travail ou de la liste des actions de pr\u00e9vention et de protection mentionn\u00e9s au III de l&rsquo;article L. 4121-3-1 est effectu\u00e9e \u00e0 chaque mise \u00e0 jour du document unique d&rsquo;\u00e9valuation des risques professionnels, si n\u00e9cessaire.<\/td><td><a href=\"https:\/\/www.legifrance.gouv.fr\/codes\/article_lc\/LEGIARTI000023795562\">Article R4121-1<\/a><br><a rel=\"noreferrer noopener\" href=\"https:\/\/www.legifrance.gouv.fr\/codes\/article_lc\/LEGIARTI000045386446\/2022-03-31\/\" target=\"_blank\">Article R4121-2<\/a><\/td><\/tr><tr><td>Obligation de joindre au Document unique l&rsquo;annexe p\u00e9nibilit\u00e9<\/td><td><a href=\"https:\/\/www.legifrance.gouv.fr\/loda\/id\/LEGIARTI000031800950\/2016-01-01\/\"><br><\/a>L&#8217;employeur consigne, en annexe du document unique :<br>1\u00b0 Les donn\u00e9es collectives utiles \u00e0 l&rsquo;\u00e9valuation des expositions individuelles aux facteurs de risques mentionn\u00e9s \u00e0 l&rsquo;article <a rel=\"noreferrer noopener\" href=\"https:\/\/www.legifrance.gouv.fr\/codes\/article_lc\/LEGIARTI000035640694\/2022-07-25\" target=\"_blank\">L. 4161-1<\/a> de nature \u00e0 faciliter la d\u00e9claration mentionn\u00e9e \u00e0 cet article, le cas \u00e9ch\u00e9ant \u00e0 partir de l&rsquo;identification de postes, m\u00e9tiers ou situations de travail figurant dans un accord collectif \u00e9tendu ou un r\u00e9f\u00e9rentiel professionnel de branche homologu\u00e9 mentionn\u00e9s \u00e0 l&rsquo;article L. 4161-2 ;<br>2\u00b0 La proportion de salari\u00e9s expos\u00e9s aux facteurs de risques professionnels mentionn\u00e9s \u00e0 l&rsquo;article L. 4161-1, au-del\u00e0 des seuils pr\u00e9vus au m\u00eame article. Cette proportion est actualis\u00e9e en tant que de besoin lors de la mise \u00e0 jour du document unique.<\/td><td><mark>Article R4121-1-1 <a href=\"https:\/\/www.legifrance.gouv.fr\/loda\/id\/LEGIARTI000031800950\/2016-01-01\/\"><em>Modi<\/em><\/a><em><a rel=\"noreferrer noopener\" href=\"https:\/\/www.legifrance.gouv.fr\/codes\/article_lc\/LEGIARTI000031818152\/2016-01-01\/\" target=\"_blank\">fi\u00e9 par D\u00e9cret n\u00b02015-1885 du 30 d\u00e9cembre 2015 &#8211; art. 2<\/a><\/em><\/mark><\/td><\/tr><tr><td>Contribution \u00e0 l&rsquo;\u00e9valuation des risques<\/td><td>Apportent leur contribution \u00e0 l&rsquo;\u00e9valuation des risques professionnels dans l&rsquo;entreprise :<br>1\u00b0 Dans le cadre du dialogue social dans l&rsquo;entreprise, le comit\u00e9 social et \u00e9conomique et sa commission sant\u00e9, s\u00e9curit\u00e9 et conditions de travail, s&rsquo;ils existent, en application du 1\u00b0 de l&rsquo;article L. 2312-9. <strong>Le comit\u00e9 social et \u00e9conomique est consult\u00e9 sur le document unique d&rsquo;\u00e9valuation des risques professionnels et sur ses mises \u00e0 jour ;<\/strong><br>2\u00b0 Le ou les salari\u00e9s mentionn\u00e9s au premier alin\u00e9a du I de l&rsquo;article L. 4644-1 [<em><strong>extrait L4644-1 <\/strong><\/em>-><em><strong>L&#8217;employeur d\u00e9signe un ou plusieurs salari\u00e9s comp\u00e9tents pour s&rsquo;occuper des activit\u00e9s de protection et de pr\u00e9vention des risques professionnels de l&rsquo;entreprise. Le ou les salari\u00e9s ainsi d\u00e9sign\u00e9s par l&#8217;employeur b\u00e9n\u00e9ficient d&rsquo;une formation en mati\u00e8re de sant\u00e9 au travail dans les conditions pr\u00e9vues aux articles L. 2315-16 \u00e0 L. 2315-18<\/strong>.<\/em>], s&rsquo;ils ont \u00e9t\u00e9 d\u00e9sign\u00e9s ;<br>3\u00b0 Le service de pr\u00e9vention et de sant\u00e9 au travail auquel l&#8217;employeur adh\u00e8re.<br>Pour l&rsquo;\u00e9valuation des risques professionnels, l&#8217;employeur peut \u00e9galement solliciter le concours des personnes et organismes mentionn\u00e9s aux troisi\u00e8me et avant-dernier alin\u00e9as du m\u00eame I.<br><\/td><td><\/td><\/tr><tr><td>Obligation de plan d&rsquo;action (liste ou papripact)<\/td><td>A la suite de cette \u00e9valuation, l&#8217;employeur met en oeuvre les actions de pr\u00e9vention ainsi que les m\u00e9thodes de travail et de production garantissant un meilleur niveau de protection de la sant\u00e9 et de la s\u00e9curit\u00e9 des travailleurs. Il int\u00e8gre ces actions et ces m\u00e9thodes dans l&rsquo;ensemble des activit\u00e9s de l&rsquo;\u00e9tablissement et \u00e0 tous les niveaux de l&rsquo;encadrement.<\/td><td><\/td><\/tr><tr><td><\/td><td><\/td><td><\/td><\/tr><tr><td><\/td><td><\/td><td><\/td><\/tr><tr><td><\/td><td><\/td><td><\/td><\/tr><tr><td><\/td><td><\/td><td><\/td><\/tr><tr><td><\/td><td><\/td><td><\/td><\/tr><\/tbody><\/table><\/figure>\n\n\n\n<h3 class=\"wp-block-heading\"><strong><span style=\"color: #ff6600;\"><\/span><\/strong><\/h3>\n\n\n\n<h2 class=\"wp-block-heading\"><span style=\"color: #008000;\">Contact tel:&nbsp; 09 50 74 09 62<\/span><\/h2>\n\n\n\n<p><\/p>\n","protected":false},"excerpt":{"rendered":"<p>Cadre r\u00e9glementaire de la pr\u00e9vention des risques professionnels (page en cours de mise \u00e0 jour- \u00e0 v\u00e9rifier) Obligation de pr\u00e9venir les risques: Chaque employeur est invit\u00e9 \u00e0 engager une d\u00e9marche de pr\u00e9vention des risques continue L&#8217;employeur prend les mesures n\u00e9cessaires pour assurer la s\u00e9curit\u00e9 et prot\u00e9ger la sant\u00e9 physique et mentale des travailleurs.Ces mesures comprennent&hellip;<a href=\"https:\/\/actenn.fr\/?page_id=378\" class=\"more-link\">Continue reading <span class=\"screen-reader-text\">R\u00e9glementation SST<\/span><\/a><\/p>\n","protected":false},"author":1,"featured_media":0,"parent":86,"menu_order":1,"comment_status":"closed","ping_status":"closed","template":"","meta":{"footnotes":""},"class_list":["post-378","page","type-page","status-publish","hentry"],"_links":{"self":[{"href":"https:\/\/actenn.fr\/index.php?rest_route=\/wp\/v2\/pages\/378","targetHints":{"allow":["GET"]}}],"collection":[{"href":"https:\/\/actenn.fr\/index.php?rest_route=\/wp\/v2\/pages"}],"about":[{"href":"https:\/\/actenn.fr\/index.php?rest_route=\/wp\/v2\/types\/page"}],"author":[{"embeddable":true,"href":"https:\/\/actenn.fr\/index.php?rest_route=\/wp\/v2\/users\/1"}],"replies":[{"embeddable":true,"href":"https:\/\/actenn.fr\/index.php?rest_route=%2Fwp%2Fv2%2Fcomments&post=378"}],"version-history":[{"count":29,"href":"https:\/\/actenn.fr\/index.php?rest_route=\/wp\/v2\/pages\/378\/revisions"}],"predecessor-version":[{"id":1076,"href":"https:\/\/actenn.fr\/index.php?rest_route=\/wp\/v2\/pages\/378\/revisions\/1076"}],"up":[{"embeddable":true,"href":"https:\/\/actenn.fr\/index.php?rest_route=\/wp\/v2\/pages\/86"}],"wp:attachment":[{"href":"https:\/\/actenn.fr\/index.php?rest_route=%2Fwp%2Fv2%2Fmedia&parent=378"}],"curies":[{"name":"wp","href":"https:\/\/api.w.org\/{rel}","templated":true}]}}